{"id":55,"date":"2019-10-21T15:30:01","date_gmt":"2019-10-21T13:30:01","guid":{"rendered":"http:\/\/foyer-tremplin.com\/wordpress\/?page_id=55"},"modified":"2020-01-31T14:45:15","modified_gmt":"2020-01-31T13:45:15","slug":"les-etablissements","status":"publish","type":"page","link":"http:\/\/foyer-tremplin.com\/wordpress\/?page_id=55","title":{"rendered":"Etablissements et Service"},"content":{"rendered":"<section id=\"bt_bb_section69f50e033bb44\" class=\"bt_bb_section bt_bb_layout_boxed_1600 bt_bb_vertical_align_top bt_bb_bottom_spacing_normal\"  data-bt-override-class=\"null\"><div class=\"bt_bb_port\"><div class=\"bt_bb_cell\"><div class=\"bt_bb_cell_inner\"><div class=\"bt_bb_row_wrapper\"><div  class=\"bt_bb_row\"  data-bt-override-class=\"{}\"><div  class=\"bt_bb_column col-xxl-6 col-xl-6 bt_bb_vertical_align_middle bt_bb_align_left bt_bb_padding_normal bt_bb_animation_fade_in bt_bb_animation_move_right animate\"  data-width=\"6\" data-bt-override-class=\"{}\"><div class=\"bt_bb_column_content\"><div class=\"bt_bb_column_content_inner\"><div  class=\"bt_bb_text\" ><h2>Foyer d\u2019H\u00e9bergement<\/h2>\n<p>Il a pour mission d\u2019offrir une r\u00e9sidence adapt\u00e9e avec un accompagnement personnalis\u00e9 \u00e0 des travailleurs en ESAT, dont l\u2019autonomie est suffisante pour accomplir les actes de la vie courante.<\/p>\n<p>Le Foyer d\u2019H\u00e9bergement propose 26 chambres individuelles avec salle d&rsquo;eau et sanitaire. Il dispose \u00e9galement d\u2019un studio (chambre, salle d&rsquo;eau, sanitaire et petite cuisine am\u00e9nag\u00e9e) permettant une autonomie plus importante au r\u00e9sidant qui l\u2019occupe.<\/p>\n<p>L\u2019h\u00e9bergement, sous un mode tr\u00e8s familial, avec une participation active des r\u00e9sidants dans tous les actes quotidiens (repas, m\u00e9nages, activit\u00e9s\u2026.), se veut \u00eatre une solution harmonieuse dans l\u2019int\u00e9r\u00eat de tous.<\/p>\n<\/div><\/div><\/div><\/div><div  class=\"bt_bb_column col-xxl-6 col-xl-6 bt_bb_vertical_align_middle bt_bb_align_left bt_bb_padding_normal bt_bb_animation_fade_in bt_bb_animation_move_left animate\"  data-width=\"6\" data-bt-override-class=\"{}\"><div class=\"bt_bb_column_content\"><div class=\"bt_bb_column_content_inner\"><div  class=\"bt_bb_text\" ><p><a href=\"http:\/\/foyer-tremplin.com\/wordpress\/wp-content\/uploads\/2019\/10\/chambre1.jpg\"><img loading=\"lazy\" decoding=\"async\" class=\"alignright wp-image-151 size-full\" src=\"http:\/\/foyer-tremplin.com\/wordpress\/wp-content\/uploads\/2019\/10\/chambre1.jpg\" alt=\"\" width=\"1200\" height=\"800\" srcset=\"http:\/\/foyer-tremplin.com\/wordpress\/wp-content\/uploads\/2019\/10\/chambre1.jpg 1200w, http:\/\/foyer-tremplin.com\/wordpress\/wp-content\/uploads\/2019\/10\/chambre1-300x200.jpg 300w, http:\/\/foyer-tremplin.com\/wordpress\/wp-content\/uploads\/2019\/10\/chambre1-768x512.jpg 768w, http:\/\/foyer-tremplin.com\/wordpress\/wp-content\/uploads\/2019\/10\/chambre1-1024x683.jpg 1024w\" sizes=\"(max-width: 767px) 89vw, (max-width: 1000px) 54vw, (max-width: 1071px) 543px, 580px\" \/><\/a><\/p>\n<\/div><\/div><\/div><\/div><\/div><\/div><\/div><!-- cell_inner --><\/div><!-- cell --><\/div><!-- port --><\/section><section id=\"bt_bb_section69f50e033bf00\" class=\"bt_bb_section bt_bb_layout_boxed_1600 bt_bb_vertical_align_top bt_bb_bottom_spacing_normal\"  data-bt-override-class=\"null\"><div class=\"bt_bb_port\"><div class=\"bt_bb_cell\"><div class=\"bt_bb_cell_inner\"><div class=\"bt_bb_row_wrapper\"><div  class=\"bt_bb_row\"  data-bt-override-class=\"{}\"><div  class=\"bt_bb_column col-xxl-3 col-xl-3 bt_bb_vertical_align_middle bt_bb_align_left bt_bb_padding_normal bt_bb_animation_fade_in bt_bb_animation_move_right animate\"  data-width=\"3\" data-bt-override-class=\"{}\"><div class=\"bt_bb_column_content\"><div class=\"bt_bb_column_content_inner\"><div  class=\"bt_bb_text\" ><p><a href=\"http:\/\/foyer-tremplin.com\/wordpress\/wp-content\/uploads\/2019\/10\/etb1.jpg\"><img loading=\"lazy\" decoding=\"async\" class=\"alignright wp-image-153 size-full\" src=\"http:\/\/foyer-tremplin.com\/wordpress\/wp-content\/uploads\/2019\/10\/etb1.jpg\" alt=\"\" width=\"1200\" height=\"800\" srcset=\"http:\/\/foyer-tremplin.com\/wordpress\/wp-content\/uploads\/2019\/10\/etb1.jpg 1200w, http:\/\/foyer-tremplin.com\/wordpress\/wp-content\/uploads\/2019\/10\/etb1-300x200.jpg 300w, http:\/\/foyer-tremplin.com\/wordpress\/wp-content\/uploads\/2019\/10\/etb1-768x512.jpg 768w, http:\/\/foyer-tremplin.com\/wordpress\/wp-content\/uploads\/2019\/10\/etb1-1024x683.jpg 1024w\" sizes=\"(max-width: 767px) 89vw, (max-width: 1000px) 54vw, (max-width: 1071px) 543px, 580px\" \/><\/a><\/p>\n<\/div><\/div><\/div><\/div><div  class=\"bt_bb_column col-xxl-3 col-xl-3 bt_bb_vertical_align_middle bt_bb_align_left bt_bb_padding_normal bt_bb_animation_fade_in bt_bb_animation_move_right animate\"  data-width=\"3\" data-bt-override-class=\"{}\"><div class=\"bt_bb_column_content\"><div class=\"bt_bb_column_content_inner\"><div  class=\"bt_bb_text\" ><p><a href=\"http:\/\/foyer-tremplin.com\/wordpress\/wp-content\/uploads\/2019\/10\/etb2.jpg\"><img loading=\"lazy\" decoding=\"async\" class=\"alignleft wp-image-154 size-full\" src=\"http:\/\/foyer-tremplin.com\/wordpress\/wp-content\/uploads\/2019\/10\/etb2.jpg\" alt=\"\" width=\"1200\" height=\"800\" srcset=\"http:\/\/foyer-tremplin.com\/wordpress\/wp-content\/uploads\/2019\/10\/etb2.jpg 1200w, http:\/\/foyer-tremplin.com\/wordpress\/wp-content\/uploads\/2019\/10\/etb2-300x200.jpg 300w, http:\/\/foyer-tremplin.com\/wordpress\/wp-content\/uploads\/2019\/10\/etb2-768x512.jpg 768w, http:\/\/foyer-tremplin.com\/wordpress\/wp-content\/uploads\/2019\/10\/etb2-1024x683.jpg 1024w\" sizes=\"(max-width: 767px) 89vw, (max-width: 1000px) 54vw, (max-width: 1071px) 543px, 580px\" \/><\/a><\/p>\n<\/div><\/div><\/div><\/div><div  class=\"bt_bb_column col-xxl-3 col-xl-3 bt_bb_vertical_align_middle bt_bb_align_left bt_bb_padding_normal bt_bb_animation_fade_in bt_bb_animation_move_left animate\"  data-width=\"3\" data-bt-override-class=\"{}\"><div class=\"bt_bb_column_content\"><div class=\"bt_bb_column_content_inner\"><div  class=\"bt_bb_text\" ><p><a href=\"http:\/\/foyer-tremplin.com\/wordpress\/wp-content\/uploads\/2019\/10\/etb3.jpg\"><img loading=\"lazy\" decoding=\"async\" class=\"alignleft wp-image-155 size-full\" src=\"http:\/\/foyer-tremplin.com\/wordpress\/wp-content\/uploads\/2019\/10\/etb3.jpg\" alt=\"\" width=\"1200\" height=\"800\" srcset=\"http:\/\/foyer-tremplin.com\/wordpress\/wp-content\/uploads\/2019\/10\/etb3.jpg 1200w, http:\/\/foyer-tremplin.com\/wordpress\/wp-content\/uploads\/2019\/10\/etb3-300x200.jpg 300w, http:\/\/foyer-tremplin.com\/wordpress\/wp-content\/uploads\/2019\/10\/etb3-768x512.jpg 768w, http:\/\/foyer-tremplin.com\/wordpress\/wp-content\/uploads\/2019\/10\/etb3-1024x683.jpg 1024w\" sizes=\"(max-width: 767px) 89vw, (max-width: 1000px) 54vw, (max-width: 1071px) 543px, 580px\" \/><\/a><\/p>\n<\/div><\/div><\/div><\/div><div  class=\"bt_bb_column col-xxl-3 col-xl-3 bt_bb_vertical_align_middle bt_bb_align_left bt_bb_padding_normal bt_bb_animation_fade_in bt_bb_animation_move_left animate\"  data-width=\"3\" data-bt-override-class=\"{}\"><div class=\"bt_bb_column_content\"><div class=\"bt_bb_column_content_inner\"><div  class=\"bt_bb_text\" ><p><a href=\"http:\/\/foyer-tremplin.com\/wordpress\/wp-content\/uploads\/2019\/10\/etb5.jpg\"><img loading=\"lazy\" decoding=\"async\" class=\"alignleft wp-image-157 size-full\" src=\"http:\/\/foyer-tremplin.com\/wordpress\/wp-content\/uploads\/2019\/10\/etb5.jpg\" alt=\"\" width=\"1200\" height=\"800\" srcset=\"http:\/\/foyer-tremplin.com\/wordpress\/wp-content\/uploads\/2019\/10\/etb5.jpg 1200w, http:\/\/foyer-tremplin.com\/wordpress\/wp-content\/uploads\/2019\/10\/etb5-300x200.jpg 300w, http:\/\/foyer-tremplin.com\/wordpress\/wp-content\/uploads\/2019\/10\/etb5-768x512.jpg 768w, http:\/\/foyer-tremplin.com\/wordpress\/wp-content\/uploads\/2019\/10\/etb5-1024x683.jpg 1024w\" sizes=\"(max-width: 767px) 89vw, (max-width: 1000px) 54vw, (max-width: 1071px) 543px, 580px\" \/><\/a><\/p>\n<\/div><\/div><\/div><\/div><\/div><\/div><\/div><!-- cell_inner --><\/div><!-- cell --><\/div><!-- port --><\/section><section id=\"bt_bb_section69f50e033c31c\" class=\"bt_bb_section bt_bb_layout_boxed_1600 bt_bb_vertical_align_top bt_bb_bottom_spacing_normal\"  data-bt-override-class=\"null\"><div class=\"bt_bb_port\"><div class=\"bt_bb_cell\"><div class=\"bt_bb_cell_inner\"><div class=\"bt_bb_row_wrapper\"><div  class=\"bt_bb_row\"  data-bt-override-class=\"{}\"><div  class=\"bt_bb_column col-xxl-6 col-xl-6 bt_bb_vertical_align_middle bt_bb_align_left bt_bb_padding_normal bt_bb_animation_fade_in bt_bb_animation_move_right animate\"  data-width=\"6\" data-bt-override-class=\"{}\"><div class=\"bt_bb_column_content\"><div class=\"bt_bb_column_content_inner\"><div  class=\"bt_bb_text\" ><p><a href=\"http:\/\/foyer-tremplin.com\/wordpress\/wp-content\/uploads\/2019\/10\/etb6.jpg\"><img loading=\"lazy\" decoding=\"async\" class=\"alignleft wp-image-160 size-full\" src=\"http:\/\/foyer-tremplin.com\/wordpress\/wp-content\/uploads\/2019\/10\/etb6.jpg\" alt=\"\" width=\"1200\" height=\"800\" srcset=\"http:\/\/foyer-tremplin.com\/wordpress\/wp-content\/uploads\/2019\/10\/etb6.jpg 1200w, http:\/\/foyer-tremplin.com\/wordpress\/wp-content\/uploads\/2019\/10\/etb6-300x200.jpg 300w, http:\/\/foyer-tremplin.com\/wordpress\/wp-content\/uploads\/2019\/10\/etb6-768x512.jpg 768w, http:\/\/foyer-tremplin.com\/wordpress\/wp-content\/uploads\/2019\/10\/etb6-1024x683.jpg 1024w\" sizes=\"(max-width: 767px) 89vw, (max-width: 1000px) 54vw, (max-width: 1071px) 543px, 580px\" \/><\/a><\/p>\n<\/div><\/div><\/div><\/div><div  class=\"bt_bb_column col-xxl-6 col-xl-6 bt_bb_vertical_align_middle bt_bb_align_left bt_bb_padding_normal bt_bb_animation_fade_in bt_bb_animation_move_left animate\"  data-width=\"6\" data-bt-override-class=\"{}\"><div class=\"bt_bb_column_content\"><div class=\"bt_bb_column_content_inner\"><div  class=\"bt_bb_text\" ><h2>Foyer d\u2019Accueil Sp\u00e9cialis\u00e9<\/h2>\n<p>Le Foyer d\u2019Accueil Sp\u00e9cialis\u00e9 propose 26 chambres individuelles avec salle d&rsquo;eau et sanitaire pour des personnes adultes dont le handicap ne permet pas ou plus l\u2019exercice d\u2019une activit\u00e9 \u00e0 caract\u00e8re professionnel. Ces derni\u00e8res\u00a0 b\u00e9n\u00e9ficient cependant d\u2019une certaine autonomie intellectuelle et physique. Des places sont \u00e9galement r\u00e9serv\u00e9es aux personnes handicap\u00e9es vieillissantes.<br \/>\nL\u2019implantation du Foyer d\u2019Accueil Sp\u00e9cialis\u00e9 sur le site du Foyer d\u2019H\u00e9bergement permet une r\u00e9elle continuit\u00e9 et un respect de la prise en charge de la personne accueillie tant sur le plan purement g\u00e9ographique que sur le plan du suivi de la personne par les professionnels (connaissance de la personne, accompagnement quotidien, suivi du dossier, prolongement de son parcours de vie et de ses habitudes).<br \/>\nLes activit\u00e9s, sous forme d\u2019atelier, se d\u00e9roulent le matin de 10h00 \u00e0 12h00 et l\u2019apr\u00e8s-midi de 14h00 \u00e0 16h00. Ces ateliers sont des outils de travail permettant d\u2019am\u00e9liorer la qualit\u00e9 de vie des personnes concern\u00e9es et non pas de simples temps occupationnels.<\/p>\n<\/div><\/div><\/div><\/div><\/div><\/div><\/div><!-- cell_inner --><\/div><!-- cell --><\/div><!-- port --><\/section><section id=\"bt_bb_section69f50e033c5b7\" class=\"bt_bb_section bt_bb_layout_boxed_1600 bt_bb_vertical_align_top bt_bb_bottom_spacing_normal\"  data-bt-override-class=\"null\"><div class=\"bt_bb_port\"><div class=\"bt_bb_cell\"><div class=\"bt_bb_cell_inner\"><div class=\"bt_bb_row_wrapper\"><div  class=\"bt_bb_row\"  data-bt-override-class=\"{}\"><div  class=\"bt_bb_column col-xxl-3 col-xl-3 bt_bb_vertical_align_middle bt_bb_align_left bt_bb_padding_normal bt_bb_animation_fade_in bt_bb_animation_move_right animate\"  data-width=\"3\" data-bt-override-class=\"{}\"><div class=\"bt_bb_column_content\"><div class=\"bt_bb_column_content_inner\"><div  class=\"bt_bb_text\" ><p><a href=\"http:\/\/foyer-tremplin.com\/wordpress\/wp-content\/uploads\/2019\/10\/etb7.jpg\"><img loading=\"lazy\" decoding=\"async\" class=\"alignleft wp-image-164 size-full\" src=\"http:\/\/foyer-tremplin.com\/wordpress\/wp-content\/uploads\/2019\/10\/etb7.jpg\" alt=\"\" width=\"1200\" height=\"800\" srcset=\"http:\/\/foyer-tremplin.com\/wordpress\/wp-content\/uploads\/2019\/10\/etb7.jpg 1200w, http:\/\/foyer-tremplin.com\/wordpress\/wp-content\/uploads\/2019\/10\/etb7-300x200.jpg 300w, http:\/\/foyer-tremplin.com\/wordpress\/wp-content\/uploads\/2019\/10\/etb7-768x512.jpg 768w, http:\/\/foyer-tremplin.com\/wordpress\/wp-content\/uploads\/2019\/10\/etb7-1024x683.jpg 1024w\" sizes=\"(max-width: 767px) 89vw, (max-width: 1000px) 54vw, (max-width: 1071px) 543px, 580px\" \/><\/a><\/p>\n<\/div><\/div><\/div><\/div><div  class=\"bt_bb_column col-xxl-3 col-xl-3 bt_bb_vertical_align_middle bt_bb_align_left bt_bb_padding_normal bt_bb_animation_fade_in bt_bb_animation_move_right animate\"  data-width=\"3\" data-bt-override-class=\"{}\"><div class=\"bt_bb_column_content\"><div class=\"bt_bb_column_content_inner\"><div  class=\"bt_bb_text\" ><p><a href=\"http:\/\/foyer-tremplin.com\/wordpress\/wp-content\/uploads\/2019\/10\/etb4-1.jpg\"><img loading=\"lazy\" decoding=\"async\" class=\"alignleft wp-image-163 size-full\" src=\"http:\/\/foyer-tremplin.com\/wordpress\/wp-content\/uploads\/2019\/10\/etb4-1.jpg\" alt=\"\" width=\"1200\" height=\"800\" srcset=\"http:\/\/foyer-tremplin.com\/wordpress\/wp-content\/uploads\/2019\/10\/etb4-1.jpg 1200w, http:\/\/foyer-tremplin.com\/wordpress\/wp-content\/uploads\/2019\/10\/etb4-1-300x200.jpg 300w, http:\/\/foyer-tremplin.com\/wordpress\/wp-content\/uploads\/2019\/10\/etb4-1-768x512.jpg 768w, http:\/\/foyer-tremplin.com\/wordpress\/wp-content\/uploads\/2019\/10\/etb4-1-1024x683.jpg 1024w\" sizes=\"(max-width: 767px) 89vw, (max-width: 1000px) 54vw, (max-width: 1071px) 543px, 580px\" \/><\/a><\/p>\n<\/div><\/div><\/div><\/div><div  class=\"bt_bb_column col-xxl-3 col-xl-3 bt_bb_vertical_align_middle bt_bb_align_left bt_bb_padding_normal bt_bb_animation_fade_in bt_bb_animation_move_left animate\"  data-width=\"3\" data-bt-override-class=\"{}\"><div class=\"bt_bb_column_content\"><div class=\"bt_bb_column_content_inner\"><div  class=\"bt_bb_text\" ><p><a href=\"http:\/\/foyer-tremplin.com\/wordpress\/wp-content\/uploads\/2019\/10\/etb8.jpg\"><img loading=\"lazy\" decoding=\"async\" class=\"alignleft wp-image-166 size-full\" src=\"http:\/\/foyer-tremplin.com\/wordpress\/wp-content\/uploads\/2019\/10\/etb8.jpg\" alt=\"\" width=\"1200\" height=\"800\" srcset=\"http:\/\/foyer-tremplin.com\/wordpress\/wp-content\/uploads\/2019\/10\/etb8.jpg 1200w, http:\/\/foyer-tremplin.com\/wordpress\/wp-content\/uploads\/2019\/10\/etb8-300x200.jpg 300w, http:\/\/foyer-tremplin.com\/wordpress\/wp-content\/uploads\/2019\/10\/etb8-768x512.jpg 768w, http:\/\/foyer-tremplin.com\/wordpress\/wp-content\/uploads\/2019\/10\/etb8-1024x683.jpg 1024w\" sizes=\"(max-width: 767px) 89vw, (max-width: 1000px) 54vw, (max-width: 1071px) 543px, 580px\" \/><\/a><\/p>\n<\/div><\/div><\/div><\/div><div  class=\"bt_bb_column col-xxl-3 col-xl-3 bt_bb_vertical_align_middle bt_bb_align_left bt_bb_padding_normal bt_bb_animation_fade_in bt_bb_animation_move_left animate\"  data-width=\"3\" data-bt-override-class=\"{}\"><div class=\"bt_bb_column_content\"><div class=\"bt_bb_column_content_inner\"><div  class=\"bt_bb_text\" ><p><a href=\"http:\/\/foyer-tremplin.com\/wordpress\/wp-content\/uploads\/2019\/10\/etb10.jpg\"><img loading=\"lazy\" decoding=\"async\" class=\"alignleft wp-image-167 size-full\" src=\"http:\/\/foyer-tremplin.com\/wordpress\/wp-content\/uploads\/2019\/10\/etb10.jpg\" alt=\"\" width=\"1200\" height=\"800\" srcset=\"http:\/\/foyer-tremplin.com\/wordpress\/wp-content\/uploads\/2019\/10\/etb10.jpg 1200w, http:\/\/foyer-tremplin.com\/wordpress\/wp-content\/uploads\/2019\/10\/etb10-300x200.jpg 300w, http:\/\/foyer-tremplin.com\/wordpress\/wp-content\/uploads\/2019\/10\/etb10-768x512.jpg 768w, http:\/\/foyer-tremplin.com\/wordpress\/wp-content\/uploads\/2019\/10\/etb10-1024x683.jpg 1024w\" sizes=\"(max-width: 767px) 89vw, (max-width: 1000px) 54vw, (max-width: 1071px) 543px, 580px\" \/><\/a><\/p>\n<\/div><\/div><\/div><\/div><\/div><\/div><\/div><!-- cell_inner --><\/div><!-- cell --><\/div><!-- port --><\/section><section id=\"bt_bb_section69f50e033c9a3\" class=\"bt_bb_section bt_bb_layout_boxed_1600 bt_bb_vertical_align_top bt_bb_bottom_spacing_normal\"  data-bt-override-class=\"null\"><div class=\"bt_bb_port\"><div class=\"bt_bb_cell\"><div class=\"bt_bb_cell_inner\"><div class=\"bt_bb_row_wrapper\"><div  class=\"bt_bb_row\"  data-bt-override-class=\"{}\"><div  class=\"bt_bb_column col-xxl-12 col-xl-12 bt_bb_vertical_align_top bt_bb_align_left bt_bb_padding_normal\"  data-width=\"12\" data-bt-override-class=\"{}\"><div class=\"bt_bb_column_content\"><div class=\"bt_bb_column_content_inner\"><div  class=\"bt_bb_text\" ><h2>Accueil de jour<\/h2>\n<p>Le Foyer d&rsquo;Accueil Sp\u00e9cialis\u00e9 propose \u00e9galement 4 places en accueil de jour. Il est ouvert du Lundi au Vendredi de 7h00 \u00e0 18h00. Il s&rsquo;adresse \u00e0 des personnes ne souhaitant pas d&rsquo;h\u00e9bergement. L&rsquo;accueil est modulable en fonction des besoins et des souhaits de la personne.<\/p>\n<p>Il est associ\u00e9 au projet du Foyer d&rsquo;Accueil Sp\u00e9cialis\u00e9. Les activit\u00e9s, sous forme d\u2019atelier, se d\u00e9roulent le matin de 10h00 \u00e0 12h00 et l\u2019apr\u00e8s-midi de 14h00 \u00e0 16h00. Ces ateliers sont des outils de travail permettant d\u2019am\u00e9liorer la qualit\u00e9 de vie des personnes concern\u00e9es et non pas de simples temps occupationnels.<\/p>\n<\/div><\/div><\/div><\/div><\/div><\/div><\/div><!-- cell_inner --><\/div><!-- cell --><\/div><!-- port --><\/section>","protected":false},"excerpt":{"rendered":"","protected":false},"author":2,"featured_media":0,"parent":0,"menu_order":0,"comment_status":"closed","ping_status":"closed","template":"bt-no-sidebar-wide.php","meta":{"footnotes":""},"_links":{"self":[{"href":"http:\/\/foyer-tremplin.com\/wordpress\/index.php?rest_route=\/wp\/v2\/pages\/55"}],"collection":[{"href":"http:\/\/foyer-tremplin.com\/wordpress\/index.php?rest_route=\/wp\/v2\/pages"}],"about":[{"href":"http:\/\/foyer-tremplin.com\/wordpress\/index.php?rest_route=\/wp\/v2\/types\/page"}],"author":[{"embeddable":true,"href":"http:\/\/foyer-tremplin.com\/wordpress\/index.php?rest_route=\/wp\/v2\/users\/2"}],"replies":[{"embeddable":true,"href":"http:\/\/foyer-tremplin.com\/wordpress\/index.php?rest_route=%2Fwp%2Fv2%2Fcomments&post=55"}],"version-history":[{"count":22,"href":"http:\/\/foyer-tremplin.com\/wordpress\/index.php?rest_route=\/wp\/v2\/pages\/55\/revisions"}],"predecessor-version":[{"id":236,"href":"http:\/\/foyer-tremplin.com\/wordpress\/index.php?rest_route=\/wp\/v2\/pages\/55\/revisions\/236"}],"wp:attachment":[{"href":"http:\/\/foyer-tremplin.com\/wordpress\/index.php?rest_route=%2Fwp%2Fv2%2Fmedia&parent=55"}],"curies":[{"name":"wp","href":"https:\/\/api.w.org\/{rel}","templated":true}]}}