{"id":61,"date":"2019-10-21T15:31:14","date_gmt":"2019-10-21T13:31:14","guid":{"rendered":"http:\/\/foyer-tremplin.com\/wordpress\/?page_id=61"},"modified":"2020-01-31T16:00:37","modified_gmt":"2020-01-31T15:00:37","slug":"liens-utiles","status":"publish","type":"page","link":"http:\/\/foyer-tremplin.com\/wordpress\/?page_id=61","title":{"rendered":"Liens utiles"},"content":{"rendered":"<p><a href=\"https:\/\/www.vosges.fr\/\"><img loading=\"lazy\" decoding=\"async\" class=\"alignnone\" src=\"https:\/\/www.vosges.fr\/portals\/1\/Templates\/Vosgesfr.png\" alt=\"\" width=\"250\" height=\"71\" \/><\/a><\/p>\n<p><a href=\"https:\/\/www.grand-est.ars.sante.fr\/\"><img decoding=\"async\" src=\"https:\/\/www.grand-est.ars.sante.fr\/sites\/default\/files\/styles\/logo\/public\/2016-12\/Logo_GrandEst.png?itok=Roj9oXjc\" alt=\"Agence r\u00e9gionale de sant\u00e9 Grand Est\" \/><\/a><\/p>\n<p><a href=\"http:\/\/www.caf.fr\/\"><img decoding=\"async\" src=\"http:\/\/www.caf.fr\/sites\/all\/themes\/caf_v2\/images\/logoCNAF.png\" alt=\"Caf.fr - Retour \u00e0 l'accueil\" \/><\/a><\/p>\n<p><a href=\"http:\/\/www.vosges.gouv.fr\/\"><img loading=\"lazy\" decoding=\"async\" src=\"http:\/\/www.vosges.gouv.fr\/var\/ide_site\/storage\/images\/design\/dans-les-vosges\/56702-83-fre-FR\/dans-les-Vosges.gif\" alt=\"\" width=\"90\" height=\"115\" \/><\/a><\/p>\n<p><a href=\"https:\/\/www.grandest.fr\/\"><img decoding=\"async\" src=\"https:\/\/www.grandest.fr\/wp-content\/uploads\/2019\/02\/ge-logo-sd.png\" srcset=\"https:\/\/www.grandest.fr\/wp-content\/uploads\/2019\/02\/ge-logo-hd.png 2x\" alt=\"Le site internet de la R\u00e9gion Grand Est\" \/><\/a><\/p>\n<p><a href=\"http:\/\/www.ffsa.asso.fr\/\">\u00a0 <img decoding=\"async\" src=\"http:\/\/www.ffsa.asso.fr\/image-logo_ffsa.jpg\" alt=\"40 ans de d\u00e9fis f\u00e9d\u00e9ration, fran\u00e7aise du sport adapt\u00e9\" \/><\/a><\/p>\n<p>&nbsp;<\/p>\n","protected":false},"excerpt":{"rendered":"<p>\u00a0 &nbsp;<\/p>\n","protected":false},"author":2,"featured_media":0,"parent":0,"menu_order":0,"comment_status":"closed","ping_status":"closed","template":"","meta":{"footnotes":""},"_links":{"self":[{"href":"http:\/\/foyer-tremplin.com\/wordpress\/index.php?rest_route=\/wp\/v2\/pages\/61"}],"collection":[{"href":"http:\/\/foyer-tremplin.com\/wordpress\/index.php?rest_route=\/wp\/v2\/pages"}],"about":[{"href":"http:\/\/foyer-tremplin.com\/wordpress\/index.php?rest_route=\/wp\/v2\/types\/page"}],"author":[{"embeddable":true,"href":"http:\/\/foyer-tremplin.com\/wordpress\/index.php?rest_route=\/wp\/v2\/users\/2"}],"replies":[{"embeddable":true,"href":"http:\/\/foyer-tremplin.com\/wordpress\/index.php?rest_route=%2Fwp%2Fv2%2Fcomments&post=61"}],"version-history":[{"count":20,"href":"http:\/\/foyer-tremplin.com\/wordpress\/index.php?rest_route=\/wp\/v2\/pages\/61\/revisions"}],"predecessor-version":[{"id":251,"href":"http:\/\/foyer-tremplin.com\/wordpress\/index.php?rest_route=\/wp\/v2\/pages\/61\/revisions\/251"}],"wp:attachment":[{"href":"http:\/\/foyer-tremplin.com\/wordpress\/index.php?rest_route=%2Fwp%2Fv2%2Fmedia&parent=61"}],"curies":[{"name":"wp","href":"https:\/\/api.w.org\/{rel}","templated":true}]}}