{"id":8,"date":"2019-09-26T11:03:20","date_gmt":"2019-09-26T09:03:20","guid":{"rendered":"http:\/\/foyer-tremplin.com\/wordpress\/?page_id=8"},"modified":"2019-10-21T18:51:32","modified_gmt":"2019-10-21T16:51:32","slug":"accueil","status":"publish","type":"page","link":"http:\/\/foyer-tremplin.com\/wordpress\/","title":{"rendered":"Accueil"},"content":{"rendered":"<section id=\"bt_bb_section69f4fc371af6a\" class=\"bt_bb_section bt_bb_layout_boxed_1600 bt_bb_vertical_align_top bt_bb_bottom_spacing_normal\"  data-bt-override-class=\"null\"><div class=\"bt_bb_port\"><div class=\"bt_bb_cell\"><div class=\"bt_bb_cell_inner\"><div class=\"bt_bb_row_wrapper\"><div  class=\"bt_bb_row\"  data-bt-override-class=\"{}\"><div  class=\"bt_bb_column col-xxl-6 col-xl-6 bt_bb_vertical_align_middle bt_bb_align_left bt_bb_padding_double bt_bb_animation_fade_in bt_bb_animation_move_right animate\"  data-width=\"6\" data-bt-override-class=\"{}\"><div class=\"bt_bb_column_content\"><div class=\"bt_bb_column_content_inner\"><div  class=\"bt_bb_text\" ><p style=\"text-align: justify;\">Situ\u00e9e sur la commune de <strong>Saint-Am\u00e9<\/strong>, au c\u0153ur du massif des Vosges, \u00e0 proximit\u00e9 de Remiremont, l\u2019<strong>Association Tremplin<\/strong> est une Association r\u00e9gie par la loi 1901. C\u2019est un mouvement parental, de fr\u00e8res, s\u0153urs, amis de personnes en situation de handicap mental.<\/p>\n<p style=\"text-align: justify;\">Son action en termes de <strong>structures d\u2019h\u00e9bergement et de services<\/strong> s\u2019appuie sur une coop\u00e9ration permanente entre familles, b\u00e9n\u00e9voles, administrateurs, professionnels, partenaires du territoire, services territoriaux de financement et de contr\u00f4le.<\/p>\n<\/div><\/div><\/div><\/div><div  class=\"bt_bb_column col-xxl-6 col-xl-6 bt_bb_vertical_align_top bt_bb_align_left bt_bb_padding_double bt_bb_animation_fade_in bt_bb_animation_move_left animate\"  data-width=\"6\" data-bt-override-class=\"{}\"><div class=\"bt_bb_column_content\"><div class=\"bt_bb_column_content_inner\"><div  class=\"bt_bb_text\" ><p><a href=\"http:\/\/foyer-tremplin.com\/wordpress\/wp-content\/uploads\/2019\/10\/DSC_0110.jpg\"><img loading=\"lazy\" decoding=\"async\" class=\"alignright wp-image-74 size-large\" src=\"http:\/\/foyer-tremplin.com\/wordpress\/wp-content\/uploads\/2019\/10\/DSC_0110-1024x683.jpg\" alt=\"\" width=\"525\" height=\"350\" srcset=\"http:\/\/foyer-tremplin.com\/wordpress\/wp-content\/uploads\/2019\/10\/DSC_0110-1024x683.jpg 1024w, http:\/\/foyer-tremplin.com\/wordpress\/wp-content\/uploads\/2019\/10\/DSC_0110-300x200.jpg 300w, http:\/\/foyer-tremplin.com\/wordpress\/wp-content\/uploads\/2019\/10\/DSC_0110-768x512.jpg 768w\" sizes=\"(max-width: 525px) 100vw, 525px\" \/><\/a><\/p>\n<\/div><\/div><\/div><\/div><\/div><\/div><\/div><!-- cell_inner --><\/div><!-- cell --><\/div><!-- port --><\/section>","protected":false},"excerpt":{"rendered":"","protected":false},"author":2,"featured_media":0,"parent":0,"menu_order":0,"comment_status":"closed","ping_status":"closed","template":"bt-no-sidebar-wide.php","meta":{"footnotes":""},"_links":{"self":[{"href":"http:\/\/foyer-tremplin.com\/wordpress\/index.php?rest_route=\/wp\/v2\/pages\/8"}],"collection":[{"href":"http:\/\/foyer-tremplin.com\/wordpress\/index.php?rest_route=\/wp\/v2\/pages"}],"about":[{"href":"http:\/\/foyer-tremplin.com\/wordpress\/index.php?rest_route=\/wp\/v2\/types\/page"}],"author":[{"embeddable":true,"href":"http:\/\/foyer-tremplin.com\/wordpress\/index.php?rest_route=\/wp\/v2\/users\/2"}],"replies":[{"embeddable":true,"href":"http:\/\/foyer-tremplin.com\/wordpress\/index.php?rest_route=%2Fwp%2Fv2%2Fcomments&post=8"}],"version-history":[{"count":10,"href":"http:\/\/foyer-tremplin.com\/wordpress\/index.php?rest_route=\/wp\/v2\/pages\/8\/revisions"}],"predecessor-version":[{"id":175,"href":"http:\/\/foyer-tremplin.com\/wordpress\/index.php?rest_route=\/wp\/v2\/pages\/8\/revisions\/175"}],"wp:attachment":[{"href":"http:\/\/foyer-tremplin.com\/wordpress\/index.php?rest_route=%2Fwp%2Fv2%2Fmedia&parent=8"}],"curies":[{"name":"wp","href":"https:\/\/api.w.org\/{rel}","templated":true}]}}